{"id":2,"date":"2020-01-30T22:14:01","date_gmt":"2020-01-30T22:14:01","guid":{"rendered":"http:\/\/192.168.1.218\/wordpress\/?page_id=2"},"modified":"2020-03-12T22:17:35","modified_gmt":"2020-03-13T03:17:35","slug":"sample-page","status":"publish","type":"page","link":"https:\/\/comerio.synology.me\/wordpress\/?page_id=2","title":{"rendered":"Aviso de Privasidad"},"content":{"rendered":"\n<p>Esta p\u00e1gina no guarda ni pide informaci\u00f3n personal. <\/p>\n\n\n\n<p>Si nos escribes alg\u00fan mensage a nuestro correo electr\u00f3nico.. su direcci\u00f3n de correo electr\u00f3nico solo es guardada en nuestro servidor. No se vende ni se comparten con otras personas o compa\u00f1ias.<\/p>\n\n\n\n<p><\/p>\n","protected":false},"excerpt":{"rendered":"<p>Esta p\u00e1gina no guarda ni pide informaci\u00f3n personal. Si nos escribes alg\u00fan mensage a nuestro correo electr\u00f3nico.. su direcci\u00f3n de correo electr\u00f3nico solo es guardada en nuestro servidor. No se vende ni se comparten con otras personas o compa\u00f1ias.<\/p>\n","protected":false},"author":1,"featured_media":0,"parent":0,"menu_order":0,"comment_status":"closed","ping_status":"open","template":"","meta":[],"_links":{"self":[{"href":"https:\/\/comerio.synology.me\/wordpress\/index.php?rest_route=\/wp\/v2\/pages\/2"}],"collection":[{"href":"https:\/\/comerio.synology.me\/wordpress\/index.php?rest_route=\/wp\/v2\/pages"}],"about":[{"href":"https:\/\/comerio.synology.me\/wordpress\/index.php?rest_route=\/wp\/v2\/types\/page"}],"author":[{"embeddable":true,"href":"https:\/\/comerio.synology.me\/wordpress\/index.php?rest_route=\/wp\/v2\/users\/1"}],"replies":[{"embeddable":true,"href":"https:\/\/comerio.synology.me\/wordpress\/index.php?rest_route=%2Fwp%2Fv2%2Fcomments&post=2"}],"version-history":[{"count":4,"href":"https:\/\/comerio.synology.me\/wordpress\/index.php?rest_route=\/wp\/v2\/pages\/2\/revisions"}],"predecessor-version":[{"id":1348,"href":"https:\/\/comerio.synology.me\/wordpress\/index.php?rest_route=\/wp\/v2\/pages\/2\/revisions\/1348"}],"wp:attachment":[{"href":"https:\/\/comerio.synology.me\/wordpress\/index.php?rest_route=%2Fwp%2Fv2%2Fmedia&parent=2"}],"curies":[{"name":"wp","href":"https:\/\/api.w.org\/{rel}","templated":true}]}}